{"id":2830,"date":"2022-02-14T17:36:40","date_gmt":"2022-02-14T16:36:40","guid":{"rendered":"https:\/\/cestquoijungo.fr\/?page_id=2830"},"modified":"2025-08-27T19:49:03","modified_gmt":"2025-08-27T17:49:03","slug":"gestionnaire","status":"publish","type":"page","link":"https:\/\/cestquoijungo.fr\/index.php\/gestionnaire\/","title":{"rendered":"Tutoriels gestionnaire"},"content":{"rendered":"<p>[vc_row row_type=\u00a0\u00bbrow\u00a0\u00bb stretch_row_type=\u00a0\u00bbno\u00a0\u00bb][vc_column][vc_empty_space][vc_column_text]<\/p>\n<h4 style=\"text-align: center;\"><span style=\"color: #999999;\">Vous trouverez ci-dessous tous les TUTORIELS textes et TUTOS VIDEO \u00e0 destination des gestionnaires (charg\u00e9 de la gestion du march\u00e9 Activ&rsquo;Cr\u00e9a, cr\u00e9ation des requ\u00eates et des livrables)<\/span><\/h4>\n<p>[\/vc_column_text][vc_tta_accordion][vc_tta_section i_type=\u00a0\u00bbentypo\u00a0\u00bb i_icon_entypo=\u00a0\u00bbentypo-icon entypo-icon-newspaper\u00a0\u00bb add_icon=\u00a0\u00bbtrue\u00a0\u00bb title=\u00a0\u00bbACTIV&rsquo;CREA\u00a0\u00bb tab_id=\u00a0\u00bb1643915433244-1cf63894-aa36&Prime;][vc_column_text]<\/p>\n<h4><strong><span style=\"color: #1d8080;\"><span style=\"color: #259c9c;\">G\u00e9rer le march\u00e9 Activ&rsquo;Cr\u00e9a 2025 sur Jungo\u00a0 &#8211; <a href=\"https:\/\/cestquoijungo.fr\/wp-content\/uploads\/2025\/06\/Tuto-Jungo-PARAMETRAGE_Gerer-le-marche-ActivCrea-2025.pdf\" target=\"_blank\" rel=\"noopener\"><i>T\u00e9l\u00e9charger<\/i><\/a><\/span><\/span><\/strong><\/h4>\n<p style=\"text-align: left;\">Au programme de ce tutoriel :<br \/>&#8211; Import de la planification des rdv Activ&rsquo;Cr\u00e9a dans un fichier Excel<br \/>&#8211; Import du fichier \u00ab\u00a0liste des inscrits\u00a0\u00bb de FT sur Jungo et cr\u00e9ation des fiches entrepreneur<br \/>&#8211; Affectation des entrepreneurs et des conseillers aux diff\u00e9rentes actions<br \/>&#8211; Suivi des entrepreneurs en parcours<br \/>&#8211; Edition les livrables Activ&rsquo;Cr\u00e9a<br \/>&#8211; Facturation de la prestation<\/p>\n<h4><strong><span style=\"color: #1d8080;\"><span style=\"color: #259c9c;\">Mail type RDV Activ &lsquo;Cr\u00e9a<\/span><\/span><\/strong><strong><span style=\"color: #1d8080;\"><span style=\"color: #259c9c;\">\u00a02025<\/span><\/span><\/strong><strong><span style=\"color: #1d8080;\"><span style=\"color: #259c9c;\"><em>\u00a0<\/em> &#8211; <a href=\"https:\/\/cestquoijungo.fr\/wp-content\/uploads\/2025\/06\/ActivCrea-2025-Texte-Mail-type-MAJ.docx\" target=\"_blank\" rel=\"noopener\"><i>T\u00e9l\u00e9charger<\/i><\/a><\/span><\/span><\/strong><\/h4>\n<h4><strong><span style=\"color: #1d8080;\"><span style=\"color: #259c9c;\">Mail type\u00a0 Annulation RDV Activ &lsquo;Cr\u00e9a<\/span><\/span><\/strong><strong><span style=\"color: #1d8080;\"><span style=\"color: #259c9c;\">\u00a02025<\/span><\/span><\/strong><strong><span style=\"color: #1d8080;\"><span style=\"color: #259c9c;\"><em>\u00a0<\/em> &#8211; <a href=\"https:\/\/cestquoijungo.fr\/wp-content\/uploads\/2025\/08\/MAIL-ANNULATION-RDV.docx\" target=\"_blank\" rel=\"noopener\"><i>T\u00e9l\u00e9charger<\/i><\/a><\/span><\/span><\/strong><\/h4>\n<h4><strong><span style=\"color: #1d8080;\"><span style=\"color: #259c9c;\">Gestion des imports API et planification des RDV Activ Cr\u00e9a &#8211; <a href=\"https:\/\/cestquoijungo.fr\/wp-content\/uploads\/2025\/08\/API-PowerPoint-Imports-et-affectations-France-Travail.pdf\" target=\"_blank\" rel=\"noopener\"><i>T\u00e9l\u00e9charger<\/i><\/a><\/span><\/span><\/strong><\/h4>\n<h4><strong><span style=\"color: #1d8080;\"><span style=\"color: #259c9c;\">G\u00e9rer le march\u00e9 Activ&rsquo;Cr\u00e9a sur Jungo\u00a0 &#8211; <a href=\"https:\/\/cestquoijungo.fr\/wp-content\/uploads\/2023\/01\/Tuto-Jungo-PARAMETRAGE_Gerer-le-marche-ActivCrea.pdf\" target=\"_blank\" rel=\"noopener\"><i>T\u00e9l\u00e9charger<\/i><\/a><\/span><\/span><\/strong><\/h4>\n<p style=\"text-align: left;\">Au programme de ce tutoriel :<br \/>&#8211; Import de la planification des rdv Activ&rsquo;Cr\u00e9a dans un fichier Excel<br \/>&#8211; Import du fichier \u00ab\u00a0liste des inscrits\u00a0\u00bb de PE sur Jungo et cr\u00e9ation des fiches entrepreneur<br \/>&#8211; Affectation des entrepreneurs et des conseillers aux diff\u00e9rentes actions<br \/>&#8211; Suivi des entrepreneurs en parcours<br \/>&#8211; Edition les livrables Activ&rsquo;Cr\u00e9a<br \/>&#8211; Facturation de la prestation<\/p>\n<h4><strong><span style=\"color: #1d8080;\"><span style=\"color: #259c9c;\">Param\u00e9trer et envoyer des mails et des sms &#8211; <a href=\"https:\/\/cestquoijungo.fr\/wp-content\/uploads\/2022\/03\/JUNGO2_PARAMETRAGE_-Profil-Gestionnaire-et-Administrateur_Parametrer-et-envoyer-des-mails-et-des-sms.pdf\"><i>T\u00e9l\u00e9charger<\/i><\/a><\/span><\/span><\/strong><\/h4>\n<p>Au programme de ce tutoriel :<br \/>&#8211; Comment cr\u00e9er des mod\u00e8les des mails et des SMS ?<br \/>&#8211; Comment envoyer des mails et des SMS aux participants d&rsquo;une action ?<br \/>&#8211; Comment envoyer des mails et des SMS \u00e0 un entrepreneur ?<br \/>&#8211; Comment planifier une campagne ?<br \/>&#8211; Comment param\u00e9trer des envois automatiques ? N&rsquo;h\u00e9sitez pas \u00e0 consulter la vid\u00e9o pr\u00e9sente dans la cat\u00e9gorie \u00ab\u00a0Tuto vid\u00e9o\u00a0\u00bb en dessous.<\/p>\n<h4><strong><span style=\"color: #1d8080;\"><span style=\"color: #259c9c;\">Param\u00e9trer et \u00e9diter une facture\u00a0 &#8211; <a href=\"https:\/\/cestquoijungo.fr\/wp-content\/uploads\/2023\/01\/Tuto-Jungo-PARAMETRAGE_Parametrer-et-editer-une-facture_VF_janv2023.pdf\"><i>T\u00e9l\u00e9charger<\/i><\/a><\/span><\/span><\/strong><\/h4>\n<p>Au programme de ce tutoriel :<br \/>&#8211; Param\u00e9trer des \u00e9l\u00e9ments pour la facture.<br \/>&#8211; Editer, valider et t\u00e9l\u00e9charger une facture.<br \/>&#8211; Editer une facture Activ&rsquo;Cr\u00e9a.<\/p>\n<h4><strong><span style=\"color: #1d8080;\"><span style=\"color: #259c9c;\">Fusion de fiches entrepreneurs\u00a0 \u00a0&#8211; <a href=\"https:\/\/cestquoijungo.fr\/wp-content\/uploads\/2024\/11\/FORMATION-JUNGO-FUSION-DOUBLON.pdf\"><i>T\u00e9l\u00e9charger<\/i><\/a><\/span><\/span><\/strong><\/h4>\n<p>Au programme de ce tutoriel :<br \/>&#8211; Process de fusion de fiches entrepreneurs<\/p>\n<p>[\/vc_column_text][\/vc_tta_section][vc_tta_section i_type=\u00a0\u00bbentypo\u00a0\u00bb i_icon_entypo=\u00a0\u00bbentypo-icon entypo-icon-video\u00a0\u00bb add_icon=\u00a0\u00bbtrue\u00a0\u00bb title=\u00a0\u00bbTutos VIDEO\u00a0\u00bb tab_id=\u00a0\u00bb1644855438144-87ddc893-3a52&Prime;][vc_row_inner][vc_column_inner][vc_column_text]<\/p>\n<h4 style=\"text-align: left;\"><span style=\"color: #259c9c;\"><strong>Param\u00e9trer un rappel de rendez-vous (envoi automatique)\u00a0 \u00a0 \u00a0 \u00a0 \u00a0 \u00a0 \u00a0 \u00a0 \u00a0 \u00a0 \u00a0 \u00a0 \u00a0 \u00a0 \u00a0 \u00a0 \u00a0 \u00a0 \u00a0 \u00a0 \u00a0 \u00a0 \u00a0 \u00a0 \u00a0 \u00a0 \u00a0 \u00a0 \u00a0 \u00a0 \u00a0 \u00a0 \u00a0 \u00a0 \u00a0 \u00a0 \u00a0 \u00a0 \u00a0 \u00a0 \u00a0 \u00a0 \u00a0 \u00a0 \u00a0 <\/strong><\/span><span style=\"color: #999999;\">D\u00e9couvrez comment param\u00e9trer un rappel d&rsquo;envoi automatique plusieurs jours avant l&rsquo;action \u00e0 vos entrepreneurs. <a href=\"https:\/\/vimeo.com\/677230305\/adf1d49cff\"><span style=\"color: #3366ff;\"><em>VISIONNER<\/em><\/span><\/a><\/span><\/h4>\n<p>[\/vc_column_text][\/vc_column_inner][\/vc_row_inner][\/vc_tta_section][vc_tta_section i_type=\u00a0\u00bbentypo\u00a0\u00bb i_icon_entypo=\u00a0\u00bbentypo-icon entypo-icon-book\u00a0\u00bb add_icon=\u00a0\u00bbtrue\u00a0\u00bb title=\u00a0\u00bbFORMATIONS Livrable &#038; Requ\u00eate\u00a0\u00bb tab_id=\u00a0\u00bb1645197523021-9e8a9dc7-f2c1&Prime;][vc_row_inner][vc_column_inner][vc_column_text]<\/p>\n<h4 style=\"text-align: left;\"><span style=\"color: #259c9c;\"><strong>Formation LIVRABLE <\/strong><\/span><span style=\"color: #259c9c;\"><strong>( visio du 29\/03\/22) &#8211;\u00a0<\/strong><\/span><span style=\"color: #259c9c;\"><strong><a href=\"https:\/\/vimeo.com\/694350383\/d84851ef6d\"><span style=\"color: #0000ff;\">Visionner<\/span><\/a><br \/>\n<\/strong><\/span><span style=\"color: #259c9c;\"><strong><a href=\"https:\/\/cestquoijungo.fr\/index.php\/videos-ateliers-jungo2\/\">Voir les prochaines dates de formation<\/a><\/strong><\/span><\/h4>\n<h4 style=\"text-align: left;\"><span style=\"color: #259c9c;\"><strong>Formation REQUETE (visio du 16\/03\/22) &#8211; <span style=\"color: #0000ff;\"><a style=\"color: #0000ff;\" href=\"https:\/\/vimeo.com\/694349957\/28c4a83a1b\">Visionner<\/a><\/span><br \/>\n<a href=\"https:\/\/cestquoijungo.fr\/index.php\/videos-ateliers-jungo2\/\">Voir les prochaines dates de formation<\/a><\/strong><\/span><\/h4>\n<h5><\/h5>\n<p>[\/vc_column_text][\/vc_column_inner][\/vc_row_inner][\/vc_tta_section][vc_tta_section i_type=\u00a0\u00bbentypo\u00a0\u00bb i_icon_entypo=\u00a0\u00bbentypo-icon entypo-icon-book\u00a0\u00bb add_icon=\u00a0\u00bbtrue\u00a0\u00bb title=\u00a0\u00bbATELIER Facture\u00a0\u00bb tab_id=\u00a0\u00bb1678195665332-99f7118f-9404&Prime;][vc_row_inner][vc_column_inner][vc_column_text]<\/p>\n<h4 style=\"text-align: left;\"><span style=\"color: #259c9c;\"><strong>Atelier facture <\/strong><\/span><span style=\"color: #259c9c;\"><strong>( visio du 03\/03\/23) &#8211; <\/strong><\/span><span style=\"color: #259c9c;\"><strong><a href=\"https:\/\/vimeo.com\/805454328\/30a277d823\"><span style=\"color: #0000ff;\">Visionner<\/span><\/a><br \/>\n<\/strong><\/span><span style=\"color: #259c9c;\"><strong><a href=\"https:\/\/cestquoijungo.fr\/index.php\/videos-ateliers-jungo2\/\">Voir les prochaines dates de formation<\/a><\/strong><\/span><\/h4>\n<p>[\/vc_column_text][\/vc_column_inner][\/vc_row_inner][\/vc_tta_section][\/vc_tta_accordion][\/vc_column][\/vc_row][vc_row row_type=\u00a0\u00bbrow\u00a0\u00bb stretch_row_type=\u00a0\u00bbno\u00a0\u00bb][vc_column][vc_empty_space][\/vc_column][\/vc_row][vc_row row_type=\u00a0\u00bbrow\u00a0\u00bb stretch_row_type=\u00a0\u00bbno\u00a0\u00bb][vc_column][vc_btn title=\u00a0\u00bbD\u00e9couvrez les tutoriels par besoin d&rsquo;utilisation\u00a0\u00bb style=\u00a0\u00bb3d\u00a0\u00bb color=\u00a0\u00bborange\u00a0\u00bb align=\u00a0\u00bbcenter\u00a0\u00bb i_icon_fontawesome=\u00a0\u00bbfa fa-hand-pointer-o\u00a0\u00bb add_icon=\u00a0\u00bbtrue\u00a0\u00bb link=\u00a0\u00bburl:https%3A%2F%2Fcestquoijungo.fr%2Findex.php%2Fla-documentation-disponible-selon-les-profils%2F||target:%20_blank|\u00a0\u00bb][\/vc_column][\/vc_row][vc_row row_type=\u00a0\u00bbrow\u00a0\u00bb stretch_row_type=\u00a0\u00bbno\u00a0\u00bb][vc_column][vc_column_text]<!-- \/wp:paragraph --><\/p>\n<p><!-- wp:shortcode -->[\/vc_column_text][\/vc_column][\/vc_row][vc_row row_type=\u00a0\u00bbrow\u00a0\u00bb stretch_row_type=\u00a0\u00bbno\u00a0\u00bb][vc_column][vc_column_text]<\/p>\n<p style=\"text-align: center;\"><img decoding=\"async\" loading=\"lazy\" class=\"wp-image-2369 alignnone\" src=\"https:\/\/cestquoijungo.fr\/wp-content\/uploads\/2022\/02\/icone-horloge-300x300.png\" alt=\"\" width=\"111\" height=\"111\" srcset=\"https:\/\/cestquoijungo.fr\/wp-content\/uploads\/2022\/02\/icone-horloge-300x300.png 300w, https:\/\/cestquoijungo.fr\/wp-content\/uploads\/2022\/02\/icone-horloge-150x150.png 150w, https:\/\/cestquoijungo.fr\/wp-content\/uploads\/2022\/02\/icone-horloge.png 512w\" sizes=\"(max-width: 111px) 100vw, 111px\" \/><\/p>\n<h3 style=\"text-align: center;\"><!--more--><\/h3>\n<h4><\/h4>\n<h4 style=\"text-align: center;\"><em>Des nouveaux tutoriels <\/em><em>seront post\u00e9s r\u00e9guli\u00e8rement, restez connect\u00e9s !<\/em><\/h4>\n<p>[\/vc_column_text][\/vc_column][\/vc_row][vc_row row_type=\u00a0\u00bbrow\u00a0\u00bb stretch_row_type=\u00a0\u00bbno\u00a0\u00bb][vc_column][\/vc_column][\/vc_row][vc_row row_type=\u00a0\u00bbrow\u00a0\u00bb stretch_row_type=\u00a0\u00bbno\u00a0\u00bb][vc_column][vc_single_image image=\u00a0\u00bb3922&Prime; img_size=\u00a0\u00bblarge\u00a0\u00bb][\/vc_column][\/vc_row]<\/p>\n","protected":false},"excerpt":{"rendered":"<p>[vc_row row_type=\u00a0\u00bbrow\u00a0\u00bb stretch_row_type=\u00a0\u00bbno\u00a0\u00bb][vc_column][vc_empty_space][vc_column_text] Vous trouverez ci-dessous tous les TUTORIELS textes et TUTOS VIDEO \u00e0 destination des gestionnaires (charg\u00e9 de la gestion du march\u00e9 Activ&rsquo;Cr\u00e9a, cr\u00e9ation des requ\u00eates et des livrables) [\/vc_column_text][vc_tta_accordion][vc_tta_section i_type=\u00a0\u00bbentypo\u00a0\u00bb i_icon_entypo=\u00a0\u00bbentypo-icon entypo-icon-newspaper\u00a0\u00bb add_icon=\u00a0\u00bbtrue\u00a0\u00bb title=\u00a0\u00bbACTIV&rsquo;CREA\u00a0\u00bb tab_id=\u00a0\u00bb1643915433244-1cf63894-aa36&Prime;][vc_column_text] G\u00e9rer le march\u00e9 Activ&rsquo;Cr\u00e9a 2025 sur Jungo\u00a0 &#8211; T\u00e9l\u00e9charger Au programme de ce tutoriel :&#8211; Import de la [&hellip;]<\/p>\n","protected":false},"author":1,"featured_media":0,"parent":0,"menu_order":0,"comment_status":"closed","ping_status":"closed","template":"","meta":{"_bbp_topic_count":0,"_bbp_reply_count":0,"_bbp_total_topic_count":0,"_bbp_total_reply_count":0,"_bbp_voice_count":0,"_bbp_anonymous_reply_count":0,"_bbp_topic_count_hidden":0,"_bbp_reply_count_hidden":0,"_bbp_forum_subforum_count":0},"_links":{"self":[{"href":"https:\/\/cestquoijungo.fr\/index.php\/wp-json\/wp\/v2\/pages\/2830"}],"collection":[{"href":"https:\/\/cestquoijungo.fr\/index.php\/wp-json\/wp\/v2\/pages"}],"about":[{"href":"https:\/\/cestquoijungo.fr\/index.php\/wp-json\/wp\/v2\/types\/page"}],"author":[{"embeddable":true,"href":"https:\/\/cestquoijungo.fr\/index.php\/wp-json\/wp\/v2\/users\/1"}],"replies":[{"embeddable":true,"href":"https:\/\/cestquoijungo.fr\/index.php\/wp-json\/wp\/v2\/comments?post=2830"}],"version-history":[{"count":45,"href":"https:\/\/cestquoijungo.fr\/index.php\/wp-json\/wp\/v2\/pages\/2830\/revisions"}],"predecessor-version":[{"id":4369,"href":"https:\/\/cestquoijungo.fr\/index.php\/wp-json\/wp\/v2\/pages\/2830\/revisions\/4369"}],"wp:attachment":[{"href":"https:\/\/cestquoijungo.fr\/index.php\/wp-json\/wp\/v2\/media?parent=2830"}],"curies":[{"name":"wp","href":"https:\/\/api.w.org\/{rel}","templated":true}]}}