{"id":1602,"date":"2019-03-04T22:07:24","date_gmt":"2019-03-04T21:07:24","guid":{"rendered":"http:\/\/cestquoijungo.fr\/?page_id=1602"},"modified":"2023-03-07T11:18:33","modified_gmt":"2023-03-07T10:18:33","slug":"documentation","status":"publish","type":"page","link":"https:\/\/cestquoijungo.fr\/index.php\/documentation\/","title":{"rendered":"Utilisateur"},"content":{"rendered":"<p>[vc_row row_type=\u00a0\u00bbrow\u00a0\u00bb stretch_row_type=\u00a0\u00bbno\u00a0\u00bb][vc_column][vc_empty_space][vc_column_text]<\/p>\n<h4 style=\"text-align: center;\"><span style=\"color: #999999;\">Vous trouverez ci-dessous tous les TUTORIELS TEXTE et TUTOS VIDEO \u00e0 destination des utilisateurs<br \/>\n(conseillers et personnel administratif).<\/span><\/h4>\n<p>[\/vc_column_text][vc_empty_space][vc_tta_accordion][vc_tta_section i_type=\u00a0\u00bbentypo\u00a0\u00bb i_icon_entypo=\u00a0\u00bbentypo-icon entypo-icon-newspaper\u00a0\u00bb add_icon=\u00a0\u00bbtrue\u00a0\u00bb title=\u00a0\u00bbLes guides d&rsquo;UTILISATION (format pdf)\u00a0\u00bb tab_id=\u00a0\u00bb1643915433244-1cf63894-aa36&Prime;][vc_column_text]<\/p>\n<h4><strong><span style=\"color: #1d8080;\"><span style=\"color: #259c9c;\">Cr\u00e9er, planifier et g\u00e9rer une action\u00a0 &#8211; <a href=\"https:\/\/cestquoijungo.fr\/wp-content\/uploads\/2023\/01\/Tuto-Jungo-UTILISATION_Creer-planifier-et-gerer-une-action_VF_fev2022.pdf\"><em>T\u00e9<\/em><em>l\u00e9charger<\/em><\/a><\/span><\/span><\/strong><\/h4>\n<h5><span style=\"color: #999999;\">D\u00e9couvrez comment cr\u00e9er une action et comment la caract\u00e9riser (nature, type, ODS, etc). Ce tutoriel vous permettra d&rsquo;appr\u00e9hender l&rsquo;ensemble des r\u00e8gles li\u00e9es \u00e0 la cr\u00e9ation d&rsquo;actions depuis l&rsquo;agenda et la fiche entrepreneur.<\/span><\/h5>\n<p>&nbsp;<\/p>\n<h4><span style=\"color: #259c9c;\"><strong>Cr\u00e9er un entrepreneur et g\u00e9rer son parcours &#8211;\u00a0 <\/strong><\/span><strong><span style=\"color: #1d8080;\"><span style=\"color: #259c9c;\"><a href=\"https:\/\/cestquoijungo.fr\/wp-content\/uploads\/2023\/01\/Tuto-Jungo-UTILISATION_Creer-un-entrepreneur-et-gerer-son-parcours_VF_dec2022-1.pdf\"><em>T\u00e9<\/em><em>l\u00e9charger<\/em><\/a><\/span><\/span><\/strong><\/h4>\n<p>&nbsp;<\/p>\n<h5><span style=\"color: #999999;\">\u00a0Apprenez \u00e0 qualifier une fiche entrepreneur, \u00e0 utiliser des fiches situation, \u00e0 construire un parcours et cr\u00e9er des actions\u00a0; d\u00e9couvrez la possibilit\u00e9 d\u2019envoyer un mod\u00e8le de mail ou de g\u00e9n\u00e9rer un livrable pr\u00e9-rempli, directement en rdv avec l\u2019entrepreneur. Ce tutoriel vous raconte tout ce que vous pouvez faire sur la fiche Entrepreneur.<\/span><\/h5>\n<p>&nbsp;<\/p>\n<h4><span style=\"color: #259c9c;\"><strong>Cr\u00e9er et suivre une entreprise &#8211;\u00a0 <\/strong><\/span><strong><span style=\"color: #1d8080;\"><span style=\"color: #259c9c;\"><a href=\"https:\/\/cestquoijungo.fr\/wp-content\/uploads\/2023\/01\/Tuto-Jungo-UTILISATION_Creer-et-suivre-une-entreprise_VF_janv23-1.pdf\"><em>T\u00e9<\/em><em>l\u00e9charger<\/em><\/a><\/span><\/span><\/strong><\/h4>\n<h5><span style=\"color: #999999;\">D\u00e9couvrez les diff\u00e9rentes informations \u00e0 saisir sur l\u2019entreprise cr\u00e9\u00e9e : activit\u00e9, coordonn\u00e9es, contacts associ\u00e9s, financement des projets, dur\u00e9e de l\u2019activit\u00e9, cr\u00e9ation d\u2019emplois \u2026. Ce tutoriel vous raconte tout ce que vous pouvez faire sur la fiche Structure accompagn\u00e9e.<\/span><\/h5>\n<p>&nbsp;<\/p>\n<h5 style=\"padding-left: 40px;\"><\/h5>\n<h5 style=\"padding-left: 40px;\"><\/h5>\n<p>[\/vc_column_text][\/vc_tta_section][vc_tta_section i_type=\u00a0\u00bbentypo\u00a0\u00bb i_icon_entypo=\u00a0\u00bbentypo-icon entypo-icon-video\u00a0\u00bb add_icon=\u00a0\u00bbtrue\u00a0\u00bb title=\u00a0\u00bbLes formations d\u2019UTILISATION\u00a0\u00bb tab_id=\u00a0\u00bb1657187129722-52893ac3-ed70&Prime;][vc_column_text]<\/p>\n<h4><strong><span style=\"color: #1d8080;\"><span style=\"color: #259c9c;\">Utilisation Jungo\/ Module 1 : cr\u00e9ation de l\u2019entrepreneur et gestion du parcours &#8211; <a href=\"https:\/\/vimeo.com\/727003040\/6d12a24857\"><i>Lien de visionnage (dur\u00e9e 01h57)<\/i><\/a><\/span><\/span><\/strong><\/h4>\n<h4><strong><span style=\"color: #1d8080;\"><span style=\"color: #259c9c;\">Utilisation Jungo\/ Module 2 : actions, agenda, alerte et cr\u00e9ation structure accompagn\u00e9e &#8211;\u00a0<\/span><\/span><\/strong><strong><span style=\"color: #1d8080;\"><span style=\"color: #259c9c;\"><a href=\"https:\/\/vimeo.com\/727003544\/0bfa14d20c\"><i>Lien de visionnage (dur\u00e9e 2h30)<\/i><\/a><\/span><\/span><\/strong><\/h4>\n<p>[\/vc_column_text][vc_row_inner][vc_column_inner][\/vc_column_inner][\/vc_row_inner][vc_row_inner][vc_column_inner][\/vc_column_inner][\/vc_row_inner][\/vc_tta_section][\/vc_tta_accordion][\/vc_column][\/vc_row][vc_row row_type=\u00a0\u00bbrow\u00a0\u00bb stretch_row_type=\u00a0\u00bbno\u00a0\u00bb][vc_column][vc_row_inner][vc_column_inner][\/vc_column_inner][\/vc_row_inner][vc_btn title=\u00a0\u00bbD\u00e9couvrez les tutoriels par besoin d&rsquo;utilisation\u00a0\u00bb style=\u00a0\u00bb3d\u00a0\u00bb color=\u00a0\u00bborange\u00a0\u00bb align=\u00a0\u00bbcenter\u00a0\u00bb i_icon_fontawesome=\u00a0\u00bbfa fa-hand-pointer-o\u00a0\u00bb add_icon=\u00a0\u00bbtrue\u00a0\u00bb link=\u00a0\u00bburl:https%3A%2F%2Fcestquoijungo.fr%2Findex.php%2Fla-documentation-disponible-selon-les-profils%2F|||\u00a0\u00bb][vc_empty_space][\/vc_column][\/vc_row][vc_row row_type=\u00a0\u00bbrow\u00a0\u00bb stretch_row_type=\u00a0\u00bbno\u00a0\u00bb][vc_column][\/vc_column][\/vc_row][vc_row row_type=\u00a0\u00bbrow\u00a0\u00bb stretch_row_type=\u00a0\u00bbno\u00a0\u00bb][vc_column][vc_column_text]<\/p>\n<p style=\"text-align: center;\"><img decoding=\"async\" loading=\"lazy\" class=\"wp-image-2369 alignnone\" src=\"https:\/\/cestquoijungo.fr\/wp-content\/uploads\/2022\/02\/icone-horloge-300x300.png\" alt=\"\" width=\"111\" height=\"111\" srcset=\"https:\/\/cestquoijungo.fr\/wp-content\/uploads\/2022\/02\/icone-horloge-300x300.png 300w, https:\/\/cestquoijungo.fr\/wp-content\/uploads\/2022\/02\/icone-horloge-150x150.png 150w, https:\/\/cestquoijungo.fr\/wp-content\/uploads\/2022\/02\/icone-horloge.png 512w\" sizes=\"(max-width: 111px) 100vw, 111px\" \/><\/p>\n<h3 style=\"text-align: center;\"><!--more--><\/h3>\n<h4><\/h4>\n<h4 style=\"text-align: center;\"><em>Des nouveaux tutoriels <\/em><em>seront post\u00e9s r\u00e9guli\u00e8rement, restez connect\u00e9s !<\/em><\/h4>\n<p>[\/vc_column_text][vc_empty_space height=\u00a0\u00bb64px\u00a0\u00bb][\/vc_column][\/vc_row][vc_row row_type=\u00a0\u00bbrow\u00a0\u00bb stretch_row_type=\u00a0\u00bbno\u00a0\u00bb][vc_column][vc_single_image image=\u00a0\u00bb3922&Prime; img_size=\u00a0\u00bblarge\u00a0\u00bb][vc_row_inner][vc_column_inner][\/vc_column_inner][\/vc_row_inner][\/vc_column][\/vc_row][vc_row row_type=\u00a0\u00bbrow\u00a0\u00bb stretch_row_type=\u00a0\u00bbno\u00a0\u00bb][vc_column][\/vc_column][\/vc_row][vc_row row_type=\u00a0\u00bbrow\u00a0\u00bb stretch_row_type=\u00a0\u00bbno\u00a0\u00bb][vc_column][vc_empty_space][\/vc_column][\/vc_row][vc_section][\/vc_section][vc_row row_type=\u00a0\u00bbrow\u00a0\u00bb stretch_row_type=\u00a0\u00bbno\u00a0\u00bb][vc_column][\/vc_column][\/vc_row]<\/p>\n","protected":false},"excerpt":{"rendered":"<p>[vc_row row_type=\u00a0\u00bbrow\u00a0\u00bb stretch_row_type=\u00a0\u00bbno\u00a0\u00bb][vc_column][vc_empty_space][vc_column_text] Vous trouverez ci-dessous tous les TUTORIELS TEXTE et TUTOS VIDEO \u00e0 destination des utilisateurs (conseillers et personnel administratif). [\/vc_column_text][vc_empty_space][vc_tta_accordion][vc_tta_section i_type=\u00a0\u00bbentypo\u00a0\u00bb i_icon_entypo=\u00a0\u00bbentypo-icon entypo-icon-newspaper\u00a0\u00bb add_icon=\u00a0\u00bbtrue\u00a0\u00bb title=\u00a0\u00bbLes guides d&rsquo;UTILISATION (format pdf)\u00a0\u00bb tab_id=\u00a0\u00bb1643915433244-1cf63894-aa36&Prime;][vc_column_text] Cr\u00e9er, planifier et g\u00e9rer une action\u00a0 &#8211; T\u00e9l\u00e9charger D\u00e9couvrez comment cr\u00e9er une action et comment la caract\u00e9riser (nature, type, ODS, etc). Ce tutoriel [&hellip;]<\/p>\n","protected":false},"author":1,"featured_media":0,"parent":0,"menu_order":0,"comment_status":"closed","ping_status":"closed","template":"template-page-full-width-vc.php","meta":{"_bbp_topic_count":0,"_bbp_reply_count":0,"_bbp_total_topic_count":0,"_bbp_total_reply_count":0,"_bbp_voice_count":0,"_bbp_anonymous_reply_count":0,"_bbp_topic_count_hidden":0,"_bbp_reply_count_hidden":0,"_bbp_forum_subforum_count":0},"_links":{"self":[{"href":"https:\/\/cestquoijungo.fr\/index.php\/wp-json\/wp\/v2\/pages\/1602"}],"collection":[{"href":"https:\/\/cestquoijungo.fr\/index.php\/wp-json\/wp\/v2\/pages"}],"about":[{"href":"https:\/\/cestquoijungo.fr\/index.php\/wp-json\/wp\/v2\/types\/page"}],"author":[{"embeddable":true,"href":"https:\/\/cestquoijungo.fr\/index.php\/wp-json\/wp\/v2\/users\/1"}],"replies":[{"embeddable":true,"href":"https:\/\/cestquoijungo.fr\/index.php\/wp-json\/wp\/v2\/comments?post=1602"}],"version-history":[{"count":73,"href":"https:\/\/cestquoijungo.fr\/index.php\/wp-json\/wp\/v2\/pages\/1602\/revisions"}],"predecessor-version":[{"id":3925,"href":"https:\/\/cestquoijungo.fr\/index.php\/wp-json\/wp\/v2\/pages\/1602\/revisions\/3925"}],"wp:attachment":[{"href":"https:\/\/cestquoijungo.fr\/index.php\/wp-json\/wp\/v2\/media?parent=1602"}],"curies":[{"name":"wp","href":"https:\/\/api.w.org\/{rel}","templated":true}]}}